{"id":1170,"date":"2021-08-17T06:25:23","date_gmt":"2021-08-17T06:25:23","guid":{"rendered":"http:\/\/www.rathkolb-bilanzbuchhaltung.com\/?page_id=1170"},"modified":"2025-12-09T14:08:00","modified_gmt":"2025-12-09T14:08:00","slug":"agb","status":"publish","type":"page","link":"https:\/\/www.rathkolb-bilanzbuchhaltung.com\/?page_id=1170","title":{"rendered":"AGB"},"content":{"rendered":"\t\t<div data-elementor-type=\"wp-page\" data-elementor-id=\"1170\" class=\"elementor elementor-1170\">\n\t\t\t\t\t\t<section class=\"elementor-section elementor-top-section elementor-element elementor-element-900b92e et-business elementor-section-boxed elementor-section-height-default elementor-section-height-default\" data-id=\"900b92e\" data-element_type=\"section\">\n\t\t\t\t\t\t<div class=\"elementor-container elementor-column-gap-default\">\n\t\t\t\t\t<div class=\"elementor-column elementor-col-100 elementor-top-column elementor-element elementor-element-c4ecfbb\" data-id=\"c4ecfbb\" data-element_type=\"column\">\n\t\t\t<div class=\"elementor-widget-wrap elementor-element-populated\">\n\t\t\t\t\t\t<div class=\"elementor-element elementor-element-bb5c77d elementor-widget elementor-widget-heading\" data-id=\"bb5c77d\" data-element_type=\"widget\" data-widget_type=\"heading.default\">\n\t\t\t\t<div class=\"elementor-widget-container\">\n\t\t\t\t\t<h2 class=\"elementor-heading-title elementor-size-default\">Pflichtangaben<\/h2>\t\t\t\t<\/div>\n\t\t\t\t<\/div>\n\t\t\t\t<div class=\"elementor-element elementor-element-ea21bb2 elementor-widget elementor-widget-heading\" data-id=\"ea21bb2\" data-element_type=\"widget\" data-widget_type=\"heading.default\">\n\t\t\t\t<div class=\"elementor-widget-container\">\n\t\t\t\t\t<h2 class=\"elementor-heading-title elementor-size-default\">Allgemeine Gesch\u00e4ftsbedingungen<\/h2>\t\t\t\t<\/div>\n\t\t\t\t<\/div>\n\t\t\t\t<div class=\"elementor-element elementor-element-e62cf36 elementor-widget elementor-widget-text-editor\" data-id=\"e62cf36\" data-element_type=\"widget\" data-widget_type=\"text-editor.default\">\n\t\t\t\t<div class=\"elementor-widget-container\">\n\t\t\t\t\t\t\t\t\t<p>Gerne k\u00f6nnen Sie sich hier die Allgemeinen Gesch\u00e4ftsbedingungen f\u00fcr Bilanzbuchhalter nach dem Bilanzbuchhaltungsgesetz 2014 ansehen und downloaden.<\/p>\t\t\t\t\t\t\t\t<\/div>\n\t\t\t\t<\/div>\n\t\t\t\t<div class=\"elementor-element elementor-element-530f6f5 elementor-view-default elementor-widget elementor-widget-icon\" data-id=\"530f6f5\" data-element_type=\"widget\" data-widget_type=\"icon.default\">\n\t\t\t\t<div class=\"elementor-widget-container\">\n\t\t\t\t\t\t\t<div class=\"elementor-icon-wrapper\">\n\t\t\t<a class=\"elementor-icon\" href=\"http:\/\/www.rathkolb-bilanzbuchhaltung.com\/wp-content\/uploads\/2025\/12\/Berufsbild-agb-bilanzbuchhalter.pdf\" target=\"_blank\">\n\t\t\t<i aria-hidden=\"true\" class=\"fas fa-file-download\"><\/i>\t\t\t<\/a>\n\t\t<\/div>\n\t\t\t\t\t\t<\/div>\n\t\t\t\t<\/div>\n\t\t\t\t<div class=\"elementor-element elementor-element-c8d0fa3 elementor-widget elementor-widget-heading\" data-id=\"c8d0fa3\" data-element_type=\"widget\" data-widget_type=\"heading.default\">\n\t\t\t\t<div class=\"elementor-widget-container\">\n\t\t\t\t\t<h2 class=\"elementor-heading-title elementor-size-default\"><a href=\"http:\/\/www.rathkolb-bilanzbuchhaltung.com\/wp-content\/uploads\/2025\/12\/Berufsbild-agb-bilanzbuchhalter.pdf\" target=\"_blank\">Download AGB<\/a><\/h2>\t\t\t\t<\/div>\n\t\t\t\t<\/div>\n\t\t\t\t\t<\/div>\n\t\t<\/div>\n\t\t\t\t\t<\/div>\n\t\t<\/section>\n\t\t\t\t<section class=\"elementor-section elementor-top-section elementor-element elementor-element-ce16653 elementor-section-boxed elementor-section-height-default elementor-section-height-default\" data-id=\"ce16653\" data-element_type=\"section\">\n\t\t\t\t\t\t<div class=\"elementor-container elementor-column-gap-default\">\n\t\t\t\t\t<div class=\"elementor-column elementor-col-100 elementor-top-column elementor-element elementor-element-3c52bc6\" data-id=\"3c52bc6\" data-element_type=\"column\">\n\t\t\t<div class=\"elementor-widget-wrap elementor-element-populated\">\n\t\t\t\t\t\t<div class=\"elementor-element elementor-element-5703054 elementor-widget elementor-widget-image\" data-id=\"5703054\" data-element_type=\"widget\" data-widget_type=\"image.default\">\n\t\t\t\t<div class=\"elementor-widget-container\">\n\t\t\t\t\t\t\t\t\t\t\t\t\t\t\t\t<a href=\"http:\/\/www.rathkolb-bilanzbuchhaltung.com\/wp-content\/uploads\/2025\/12\/Berufsbild-agb-bilanzbuchhalter.pdf\" target=\"_blank\">\n\t\t\t\t\t\t\t<img fetchpriority=\"high\" decoding=\"async\" width=\"1920\" height=\"1280\" src=\"https:\/\/www.rathkolb-bilanzbuchhaltung.com\/wp-content\/uploads\/2025\/12\/Katharina-Rathkolb_Bilanzbuchhaltung_AGB02-1920x1280-1.jpg\" class=\"attachment-full size-full wp-image-2481\" alt=\"\" srcset=\"https:\/\/www.rathkolb-bilanzbuchhaltung.com\/wp-content\/uploads\/2025\/12\/Katharina-Rathkolb_Bilanzbuchhaltung_AGB02-1920x1280-1.jpg 1920w, https:\/\/www.rathkolb-bilanzbuchhaltung.com\/wp-content\/uploads\/2025\/12\/Katharina-Rathkolb_Bilanzbuchhaltung_AGB02-1920x1280-1-300x200.jpg 300w, https:\/\/www.rathkolb-bilanzbuchhaltung.com\/wp-content\/uploads\/2025\/12\/Katharina-Rathkolb_Bilanzbuchhaltung_AGB02-1920x1280-1-1024x683.jpg 1024w, https:\/\/www.rathkolb-bilanzbuchhaltung.com\/wp-content\/uploads\/2025\/12\/Katharina-Rathkolb_Bilanzbuchhaltung_AGB02-1920x1280-1-768x512.jpg 768w, https:\/\/www.rathkolb-bilanzbuchhaltung.com\/wp-content\/uploads\/2025\/12\/Katharina-Rathkolb_Bilanzbuchhaltung_AGB02-1920x1280-1-1536x1024.jpg 1536w, https:\/\/www.rathkolb-bilanzbuchhaltung.com\/wp-content\/uploads\/2025\/12\/Katharina-Rathkolb_Bilanzbuchhaltung_AGB02-1920x1280-1-500x333.jpg 500w, https:\/\/www.rathkolb-bilanzbuchhaltung.com\/wp-content\/uploads\/2025\/12\/Katharina-Rathkolb_Bilanzbuchhaltung_AGB02-1920x1280-1-800x533.jpg 800w, https:\/\/www.rathkolb-bilanzbuchhaltung.com\/wp-content\/uploads\/2025\/12\/Katharina-Rathkolb_Bilanzbuchhaltung_AGB02-1920x1280-1-1280x853.jpg 1280w, https:\/\/www.rathkolb-bilanzbuchhaltung.com\/wp-content\/uploads\/2025\/12\/Katharina-Rathkolb_Bilanzbuchhaltung_AGB02-1920x1280-1-1200x800.jpg 1200w\" sizes=\"(max-width: 709px) 85vw, (max-width: 909px) 67vw, (max-width: 1362px) 62vw, 840px\" \/>\t\t\t\t\t\t\t\t<\/a>\n\t\t\t\t\t\t\t\t\t\t\t\t\t\t\t<\/div>\n\t\t\t\t<\/div>\n\t\t\t\t\t<\/div>\n\t\t<\/div>\n\t\t\t\t\t<\/div>\n\t\t<\/section>\n\t\t\t\t<\/div>\n\t\t","protected":false},"excerpt":{"rendered":"<p>Pflichtangaben Allgemeine Gesch\u00e4ftsbedingungen Gerne k\u00f6nnen Sie sich hier die Allgemeinen Gesch\u00e4ftsbedingungen f\u00fcr Bilanzbuchhalter nach dem Bilanzbuchhaltungsgesetz 2014 ansehen und downloaden. Download AGB<\/p>\n","protected":false},"author":1,"featured_media":0,"parent":0,"menu_order":0,"comment_status":"closed","ping_status":"closed","template":"elementor_header_footer","meta":{"_vp_format_video_url":"","_vp_image_focal_point":[],"footnotes":""},"class_list":["post-1170","page","type-page","status-publish","hentry"],"yoast_head":"<!-- This site is optimized with the Yoast SEO plugin v26.6 - https:\/\/yoast.com\/wordpress\/plugins\/seo\/ -->\n<title>AGB - Katharina Rathkolb<\/title>\n<meta name=\"description\" content=\"Hier k\u00f6nnen Sie sich die Allgemeinen Gesch\u00e4ftsbedingungen f\u00fcr Bilanzbuchhalter nach dem Bilanzbuchhaltungsgesetz 2014 ansehen und downloaden.\" \/>\n<meta name=\"robots\" content=\"index, follow, max-snippet:-1, max-image-preview:large, max-video-preview:-1\" \/>\n<link rel=\"canonical\" href=\"https:\/\/www.rathkolb-bilanzbuchhaltung.com\/?page_id=1170\" \/>\n<meta property=\"og:locale\" content=\"de_DE\" \/>\n<meta property=\"og:type\" content=\"article\" \/>\n<meta property=\"og:title\" content=\"AGB - Katharina Rathkolb\" \/>\n<meta property=\"og:description\" content=\"Hier k\u00f6nnen Sie sich die Allgemeinen Gesch\u00e4ftsbedingungen f\u00fcr Bilanzbuchhalter nach dem Bilanzbuchhaltungsgesetz 2014 ansehen und downloaden.\" \/>\n<meta property=\"og:url\" content=\"https:\/\/www.rathkolb-bilanzbuchhaltung.com\/?page_id=1170\" \/>\n<meta property=\"og:site_name\" content=\"Katharina Rathkolb\" \/>\n<meta property=\"article:modified_time\" content=\"2025-12-09T14:08:00+00:00\" \/>\n<meta property=\"og:image\" content=\"http:\/\/www.rathkolb-bilanzbuchhaltung.com\/wp-content\/uploads\/2025\/12\/Katharina-Rathkolb_Bilanzbuchhaltung_AGB02-1920x1280-1.jpg\" \/>\n<meta name=\"twitter:card\" content=\"summary_large_image\" \/>\n<meta name=\"twitter:label1\" content=\"Gesch\u00e4tzte Lesezeit\" \/>\n\t<meta name=\"twitter:data1\" content=\"1\u00a0Minute\" \/>\n<script type=\"application\/ld+json\" class=\"yoast-schema-graph\">{\"@context\":\"https:\/\/schema.org\",\"@graph\":[{\"@type\":\"WebPage\",\"@id\":\"https:\/\/www.rathkolb-bilanzbuchhaltung.com\/?page_id=1170\",\"url\":\"https:\/\/www.rathkolb-bilanzbuchhaltung.com\/?page_id=1170\",\"name\":\"AGB - Katharina Rathkolb\",\"isPartOf\":{\"@id\":\"https:\/\/www.rathkolb-bilanzbuchhaltung.com\/#website\"},\"primaryImageOfPage\":{\"@id\":\"https:\/\/www.rathkolb-bilanzbuchhaltung.com\/?page_id=1170#primaryimage\"},\"image\":{\"@id\":\"https:\/\/www.rathkolb-bilanzbuchhaltung.com\/?page_id=1170#primaryimage\"},\"thumbnailUrl\":\"http:\/\/www.rathkolb-bilanzbuchhaltung.com\/wp-content\/uploads\/2025\/12\/Katharina-Rathkolb_Bilanzbuchhaltung_AGB02-1920x1280-1.jpg\",\"datePublished\":\"2021-08-17T06:25:23+00:00\",\"dateModified\":\"2025-12-09T14:08:00+00:00\",\"description\":\"Hier k\u00f6nnen Sie sich die Allgemeinen Gesch\u00e4ftsbedingungen f\u00fcr Bilanzbuchhalter nach dem Bilanzbuchhaltungsgesetz 2014 ansehen und downloaden.\",\"breadcrumb\":{\"@id\":\"https:\/\/www.rathkolb-bilanzbuchhaltung.com\/?page_id=1170#breadcrumb\"},\"inLanguage\":\"de\",\"potentialAction\":[{\"@type\":\"ReadAction\",\"target\":[\"https:\/\/www.rathkolb-bilanzbuchhaltung.com\/?page_id=1170\"]}]},{\"@type\":\"ImageObject\",\"inLanguage\":\"de\",\"@id\":\"https:\/\/www.rathkolb-bilanzbuchhaltung.com\/?page_id=1170#primaryimage\",\"url\":\"https:\/\/www.rathkolb-bilanzbuchhaltung.com\/wp-content\/uploads\/2025\/12\/Katharina-Rathkolb_Bilanzbuchhaltung_AGB02-1920x1280-1.jpg\",\"contentUrl\":\"https:\/\/www.rathkolb-bilanzbuchhaltung.com\/wp-content\/uploads\/2025\/12\/Katharina-Rathkolb_Bilanzbuchhaltung_AGB02-1920x1280-1.jpg\",\"width\":1920,\"height\":1280},{\"@type\":\"BreadcrumbList\",\"@id\":\"https:\/\/www.rathkolb-bilanzbuchhaltung.com\/?page_id=1170#breadcrumb\",\"itemListElement\":[{\"@type\":\"ListItem\",\"position\":1,\"name\":\"Startseite\",\"item\":\"https:\/\/www.rathkolb-bilanzbuchhaltung.com\/\"},{\"@type\":\"ListItem\",\"position\":2,\"name\":\"AGB\"}]},{\"@type\":\"WebSite\",\"@id\":\"https:\/\/www.rathkolb-bilanzbuchhaltung.com\/#website\",\"url\":\"https:\/\/www.rathkolb-bilanzbuchhaltung.com\/\",\"name\":\"Katharina Rathkolb\",\"description\":\"Ihre pers\u00f6nliche Bilanzbuchhalterin\",\"publisher\":{\"@id\":\"https:\/\/www.rathkolb-bilanzbuchhaltung.com\/#organization\"},\"potentialAction\":[{\"@type\":\"SearchAction\",\"target\":{\"@type\":\"EntryPoint\",\"urlTemplate\":\"https:\/\/www.rathkolb-bilanzbuchhaltung.com\/?s={search_term_string}\"},\"query-input\":{\"@type\":\"PropertyValueSpecification\",\"valueRequired\":true,\"valueName\":\"search_term_string\"}}],\"inLanguage\":\"de\"},{\"@type\":\"Organization\",\"@id\":\"https:\/\/www.rathkolb-bilanzbuchhaltung.com\/#organization\",\"name\":\"Katharina Rathkolb\",\"url\":\"https:\/\/www.rathkolb-bilanzbuchhaltung.com\/\",\"logo\":{\"@type\":\"ImageObject\",\"inLanguage\":\"de\",\"@id\":\"https:\/\/www.rathkolb-bilanzbuchhaltung.com\/#\/schema\/logo\/image\/\",\"url\":\"https:\/\/www.rathkolb-bilanzbuchhaltung.com\/wp-content\/uploads\/2021\/11\/KR_Logo.png\",\"contentUrl\":\"https:\/\/www.rathkolb-bilanzbuchhaltung.com\/wp-content\/uploads\/2021\/11\/KR_Logo.png\",\"width\":810,\"height\":165,\"caption\":\"Katharina Rathkolb\"},\"image\":{\"@id\":\"https:\/\/www.rathkolb-bilanzbuchhaltung.com\/#\/schema\/logo\/image\/\"}}]}<\/script>\n<!-- \/ Yoast SEO plugin. -->","yoast_head_json":{"title":"AGB - Katharina Rathkolb","description":"Hier k\u00f6nnen Sie sich die Allgemeinen Gesch\u00e4ftsbedingungen f\u00fcr Bilanzbuchhalter nach dem Bilanzbuchhaltungsgesetz 2014 ansehen und downloaden.","robots":{"index":"index","follow":"follow","max-snippet":"max-snippet:-1","max-image-preview":"max-image-preview:large","max-video-preview":"max-video-preview:-1"},"canonical":"https:\/\/www.rathkolb-bilanzbuchhaltung.com\/?page_id=1170","og_locale":"de_DE","og_type":"article","og_title":"AGB - Katharina Rathkolb","og_description":"Hier k\u00f6nnen Sie sich die Allgemeinen Gesch\u00e4ftsbedingungen f\u00fcr Bilanzbuchhalter nach dem Bilanzbuchhaltungsgesetz 2014 ansehen und downloaden.","og_url":"https:\/\/www.rathkolb-bilanzbuchhaltung.com\/?page_id=1170","og_site_name":"Katharina Rathkolb","article_modified_time":"2025-12-09T14:08:00+00:00","og_image":[{"url":"http:\/\/www.rathkolb-bilanzbuchhaltung.com\/wp-content\/uploads\/2025\/12\/Katharina-Rathkolb_Bilanzbuchhaltung_AGB02-1920x1280-1.jpg","type":"","width":"","height":""}],"twitter_card":"summary_large_image","twitter_misc":{"Gesch\u00e4tzte Lesezeit":"1\u00a0Minute"},"schema":{"@context":"https:\/\/schema.org","@graph":[{"@type":"WebPage","@id":"https:\/\/www.rathkolb-bilanzbuchhaltung.com\/?page_id=1170","url":"https:\/\/www.rathkolb-bilanzbuchhaltung.com\/?page_id=1170","name":"AGB - Katharina Rathkolb","isPartOf":{"@id":"https:\/\/www.rathkolb-bilanzbuchhaltung.com\/#website"},"primaryImageOfPage":{"@id":"https:\/\/www.rathkolb-bilanzbuchhaltung.com\/?page_id=1170#primaryimage"},"image":{"@id":"https:\/\/www.rathkolb-bilanzbuchhaltung.com\/?page_id=1170#primaryimage"},"thumbnailUrl":"http:\/\/www.rathkolb-bilanzbuchhaltung.com\/wp-content\/uploads\/2025\/12\/Katharina-Rathkolb_Bilanzbuchhaltung_AGB02-1920x1280-1.jpg","datePublished":"2021-08-17T06:25:23+00:00","dateModified":"2025-12-09T14:08:00+00:00","description":"Hier k\u00f6nnen Sie sich die Allgemeinen Gesch\u00e4ftsbedingungen f\u00fcr Bilanzbuchhalter nach dem Bilanzbuchhaltungsgesetz 2014 ansehen und downloaden.","breadcrumb":{"@id":"https:\/\/www.rathkolb-bilanzbuchhaltung.com\/?page_id=1170#breadcrumb"},"inLanguage":"de","potentialAction":[{"@type":"ReadAction","target":["https:\/\/www.rathkolb-bilanzbuchhaltung.com\/?page_id=1170"]}]},{"@type":"ImageObject","inLanguage":"de","@id":"https:\/\/www.rathkolb-bilanzbuchhaltung.com\/?page_id=1170#primaryimage","url":"https:\/\/www.rathkolb-bilanzbuchhaltung.com\/wp-content\/uploads\/2025\/12\/Katharina-Rathkolb_Bilanzbuchhaltung_AGB02-1920x1280-1.jpg","contentUrl":"https:\/\/www.rathkolb-bilanzbuchhaltung.com\/wp-content\/uploads\/2025\/12\/Katharina-Rathkolb_Bilanzbuchhaltung_AGB02-1920x1280-1.jpg","width":1920,"height":1280},{"@type":"BreadcrumbList","@id":"https:\/\/www.rathkolb-bilanzbuchhaltung.com\/?page_id=1170#breadcrumb","itemListElement":[{"@type":"ListItem","position":1,"name":"Startseite","item":"https:\/\/www.rathkolb-bilanzbuchhaltung.com\/"},{"@type":"ListItem","position":2,"name":"AGB"}]},{"@type":"WebSite","@id":"https:\/\/www.rathkolb-bilanzbuchhaltung.com\/#website","url":"https:\/\/www.rathkolb-bilanzbuchhaltung.com\/","name":"Katharina Rathkolb","description":"Ihre pers\u00f6nliche Bilanzbuchhalterin","publisher":{"@id":"https:\/\/www.rathkolb-bilanzbuchhaltung.com\/#organization"},"potentialAction":[{"@type":"SearchAction","target":{"@type":"EntryPoint","urlTemplate":"https:\/\/www.rathkolb-bilanzbuchhaltung.com\/?s={search_term_string}"},"query-input":{"@type":"PropertyValueSpecification","valueRequired":true,"valueName":"search_term_string"}}],"inLanguage":"de"},{"@type":"Organization","@id":"https:\/\/www.rathkolb-bilanzbuchhaltung.com\/#organization","name":"Katharina Rathkolb","url":"https:\/\/www.rathkolb-bilanzbuchhaltung.com\/","logo":{"@type":"ImageObject","inLanguage":"de","@id":"https:\/\/www.rathkolb-bilanzbuchhaltung.com\/#\/schema\/logo\/image\/","url":"https:\/\/www.rathkolb-bilanzbuchhaltung.com\/wp-content\/uploads\/2021\/11\/KR_Logo.png","contentUrl":"https:\/\/www.rathkolb-bilanzbuchhaltung.com\/wp-content\/uploads\/2021\/11\/KR_Logo.png","width":810,"height":165,"caption":"Katharina Rathkolb"},"image":{"@id":"https:\/\/www.rathkolb-bilanzbuchhaltung.com\/#\/schema\/logo\/image\/"}}]}},"_links":{"self":[{"href":"https:\/\/www.rathkolb-bilanzbuchhaltung.com\/index.php?rest_route=\/wp\/v2\/pages\/1170","targetHints":{"allow":["GET"]}}],"collection":[{"href":"https:\/\/www.rathkolb-bilanzbuchhaltung.com\/index.php?rest_route=\/wp\/v2\/pages"}],"about":[{"href":"https:\/\/www.rathkolb-bilanzbuchhaltung.com\/index.php?rest_route=\/wp\/v2\/types\/page"}],"author":[{"embeddable":true,"href":"https:\/\/www.rathkolb-bilanzbuchhaltung.com\/index.php?rest_route=\/wp\/v2\/users\/1"}],"replies":[{"embeddable":true,"href":"https:\/\/www.rathkolb-bilanzbuchhaltung.com\/index.php?rest_route=%2Fwp%2Fv2%2Fcomments&post=1170"}],"version-history":[{"count":35,"href":"https:\/\/www.rathkolb-bilanzbuchhaltung.com\/index.php?rest_route=\/wp\/v2\/pages\/1170\/revisions"}],"predecessor-version":[{"id":2484,"href":"https:\/\/www.rathkolb-bilanzbuchhaltung.com\/index.php?rest_route=\/wp\/v2\/pages\/1170\/revisions\/2484"}],"wp:attachment":[{"href":"https:\/\/www.rathkolb-bilanzbuchhaltung.com\/index.php?rest_route=%2Fwp%2Fv2%2Fmedia&parent=1170"}],"curies":[{"name":"wp","href":"https:\/\/api.w.org\/{rel}","templated":true}]}}